{"id":6,"date":"2018-11-28T10:28:17","date_gmt":"2018-11-28T09:28:17","guid":{"rendered":"http:\/\/pomoztenampomahat.cz\/?page_id=6"},"modified":"2024-09-04T10:00:06","modified_gmt":"2024-09-04T08:00:06","slug":"o-nas","status":"publish","type":"page","link":"https:\/\/pomoztenampomahat.cz\/?page_id=6","title":{"rendered":"O n\u00e1s"},"content":{"rendered":"<p>Posl\u00e1n\u00edm <a href=\"https:\/\/kralupy.charita.cz\/\" target=\"_blank\" rel=\"noopener\">Charity Kralupy nad Vltavou<\/a> je poskytovat soci\u00e1ln\u00ed slu\u017eby rodin\u00e1m s\u00a0d\u011btmi, d\u011btem a\u00a0ml\u00e1de\u017ei bez rodinn\u00e9ho z\u00e1zem\u00ed a\u00a0ze soci\u00e1ln\u011b slab\u00fdch rodin, lidem bez p\u0159\u00edst\u0159e\u0161\u00ed a\u00a0osob\u00e1m dlouhodob\u011b vylou\u010den\u00fdch z trhu pr\u00e1ce. Star\u00e1me se o\u00a0 lidi v\u00a0nep\u0159\u00edzniv\u00fdch \u017eivotn\u00edch situac\u00edch.<\/p>\n<p>Poskytujeme 7 soci\u00e1ln\u00edch slu\u017eeb:<\/p>\n<ul>\n<li>n\u00edzkoprahov\u00e9 za\u0159\u00edzen\u00ed pro d\u011bti a\u00a0ml\u00e1de\u017e<\/li>\n<li>azylov\u00fd d\u016fm pro rodiny s\u00a0d\u011btmi<\/li>\n<li>denn\u00ed centrum<\/li>\n<li>soci\u00e1ln\u00ed rehabilitace<\/li>\n<li>poradenstv\u00ed<\/li>\n<li>soci\u00e1ln\u011b aktiviza\u010dn\u00ed slu\u017eba pro rodiny s d\u011btmi<\/li>\n<li>osobn\u00ed asistence<\/li>\n<\/ul>\n","protected":false},"excerpt":{"rendered":"<p>Posl\u00e1n\u00edm Charity Kralupy nad Vltavou je poskytovat soci\u00e1ln\u00ed slu\u017eby rodin\u00e1m s\u00a0d\u011btmi, d\u011btem a\u00a0ml\u00e1de\u017ei bez rodinn\u00e9ho z\u00e1zem\u00ed a\u00a0ze soci\u00e1ln\u011b slab\u00fdch rodin, lidem bez p\u0159\u00edst\u0159e\u0161\u00ed a\u00a0osob\u00e1m dlouhodob\u011b vylou\u010den\u00fdch z trhu pr\u00e1ce. Star\u00e1me se o\u00a0 lidi v\u00a0nep\u0159\u00edzniv\u00fdch \u017eivotn\u00edch situac\u00edch. Poskytujeme 7 soci\u00e1ln\u00edch slu\u017eeb: n\u00edzkoprahov\u00e9 za\u0159\u00edzen\u00ed pro d\u011bti a\u00a0ml\u00e1de\u017e azylov\u00fd d\u016fm pro rodiny s\u00a0d\u011btmi denn\u00ed centrum soci\u00e1ln\u00ed rehabilitace poradenstv\u00ed &hellip; <\/p>\n<p class=\"link-more\"><a href=\"https:\/\/pomoztenampomahat.cz\/?page_id=6\" class=\"more-link\">Pokra\u010dovat ve \u010dten\u00ed<span class=\"screen-reader-text\"> &#8222;O n\u00e1s&#8220;<\/span><\/a><\/p>\n","protected":false},"author":1,"featured_media":0,"parent":0,"menu_order":0,"comment_status":"closed","ping_status":"closed","template":"","meta":{"footnotes":""},"class_list":["post-6","page","type-page","status-publish","hentry"],"_links":{"self":[{"href":"https:\/\/pomoztenampomahat.cz\/index.php?rest_route=\/wp\/v2\/pages\/6"}],"collection":[{"href":"https:\/\/pomoztenampomahat.cz\/index.php?rest_route=\/wp\/v2\/pages"}],"about":[{"href":"https:\/\/pomoztenampomahat.cz\/index.php?rest_route=\/wp\/v2\/types\/page"}],"author":[{"embeddable":true,"href":"https:\/\/pomoztenampomahat.cz\/index.php?rest_route=\/wp\/v2\/users\/1"}],"replies":[{"embeddable":true,"href":"https:\/\/pomoztenampomahat.cz\/index.php?rest_route=%2Fwp%2Fv2%2Fcomments&post=6"}],"version-history":[{"count":8,"href":"https:\/\/pomoztenampomahat.cz\/index.php?rest_route=\/wp\/v2\/pages\/6\/revisions"}],"predecessor-version":[{"id":156,"href":"https:\/\/pomoztenampomahat.cz\/index.php?rest_route=\/wp\/v2\/pages\/6\/revisions\/156"}],"wp:attachment":[{"href":"https:\/\/pomoztenampomahat.cz\/index.php?rest_route=%2Fwp%2Fv2%2Fmedia&parent=6"}],"curies":[{"name":"wp","href":"https:\/\/api.w.org\/{rel}","templated":true}]}}